{"id":3136,"date":"2025-03-04T16:22:54","date_gmt":"2025-03-04T15:22:54","guid":{"rendered":"https:\/\/welltest.it\/bluwash\/?page_id=3136"},"modified":"2026-03-21T07:26:40","modified_gmt":"2026-03-21T06:26:40","slug":"formation-au-permis-de-conduire-des-chariots-elevateurs-a-fourche","status":"publish","type":"page","link":"https:\/\/bluwash.ch\/fr\/corso-di-formazione-per-patentino-carrelli-elevatori\/","title":{"rendered":"Cours de formation pour le permis de conduire des chariots \u00e9l\u00e9vateurs"},"content":{"rendered":"\t\t<div data-elementor-type=\"wp-page\" data-elementor-id=\"3136\" class=\"elementor elementor-3136\" data-elementor-post-type=\"page\">\n\t\t\t\t\t\t<section class=\"elementor-section elementor-top-section elementor-element elementor-element-63bf7f0e elementor-section-boxed elementor-section-height-default elementor-section-height-default\" data-id=\"63bf7f0e\" data-element_type=\"section\" data-e-type=\"section\">\n\t\t\t\t\t\t<div class=\"elementor-container elementor-column-gap-default\">\n\t\t\t\t\t<div class=\"elementor-column elementor-col-100 elementor-top-column elementor-element elementor-element-3821ccbb\" data-id=\"3821ccbb\" data-element_type=\"column\" data-e-type=\"column\">\n\t\t\t<div class=\"elementor-widget-wrap elementor-element-populated\">\n\t\t\t\t\t\t<div class=\"elementor-element elementor-element-fbc08a4 elementor-widget elementor-widget-twinkle_heading\" data-id=\"fbc08a4\" data-element_type=\"widget\" data-e-type=\"widget\" data-widget_type=\"twinkle_heading.default\">\n\t\t\t\t<div class=\"elementor-widget-container\">\n\t\t\t\t\t\r\n        \r\n            <div class=\"section-title\">\r\n                                <h2 class=\"section-title__title\">Corso di formazione carrelli elevatori<\/h2>                                    <p class=\"section-title__text\">Il corso di 4 giorni per utilizzatori principianti di carrelli elevatori delle categorie <b>R1<\/b>, <b>R2<\/b> e <b>S2<\/b> \u00e8 il pacchetto ideale. Nella formazione intensiva, teorica e pratica, i partecipanti acquisiscono le competenze e le conoscenze necessarie per superare l'esame di guida teorico e pratico. Grazie alla formazione computerizzata <b>(CAM)<\/b>, i partecipanti possono prepararsi in modo sempre pi\u00f9 efficace all'esame teorico, aumentando cos\u00ec la percentuale di superamento.\n\n<\/p>\r\n                            <\/div>\r\n\r\n        \r\n        \t\t\t\t<\/div>\n\t\t\t\t<\/div>\n\t\t<div class=\"elementor-element elementor-element-43e9ac8 e-flex e-con-boxed e-con e-parent\" data-id=\"43e9ac8\" data-element_type=\"container\" data-e-type=\"container\">\n\t\t\t\t\t<div class=\"e-con-inner\">\n\t\t<div class=\"elementor-element elementor-element-dfd5a33 e-con-full e-flex e-con e-child\" data-id=\"dfd5a33\" data-element_type=\"container\" data-e-type=\"container\">\n\t\t\t\t<div class=\"elementor-element elementor-element-71e7c95 elementor-view-default elementor-position-block-start elementor-mobile-position-block-start elementor-widget elementor-widget-icon-box\" data-id=\"71e7c95\" data-element_type=\"widget\" data-e-type=\"widget\" data-widget_type=\"icon-box.default\">\n\t\t\t\t<div class=\"elementor-widget-container\">\n\t\t\t\t\t\t\t<div class=\"elementor-icon-box-wrapper\">\n\n\t\t\t\t\t\t<div class=\"elementor-icon-box-icon\">\n\t\t\t\t<span  class=\"elementor-icon\">\n\t\t\t\t<svg aria-hidden=\"true\" class=\"e-font-icon-svg e-fas-map-marker-alt\" viewBox=\"0 0 384 512\" xmlns=\"http:\/\/www.w3.org\/2000\/svg\"><path d=\"M172.268 501.67C26.97 291.031 0 269.413 0 192 0 85.961 85.961 0 192 0s192 85.961 192 192c0 77.413-26.97 99.031-172.268 309.67-9.535 13.774-29.93 13.773-39.464 0zM192 272c44.183 0 80-35.817 80-80s-35.817-80-80-80-80 35.817-80 80 35.817 80 80 80z\"><\/path><\/svg>\t\t\t\t<\/span>\n\t\t\t<\/div>\n\t\t\t\n\t\t\t\t\t\t<div class=\"elementor-icon-box-content\">\n\n\t\t\t\t\t\t\t\t\t<h3 class=\"elementor-icon-box-title\">\n\t\t\t\t\t\t<span  >\n\t\t\t\t\t\t\tDove si svolger\u00e0 il corso?\t\t\t\t\t\t<\/span>\n\t\t\t\t\t<\/h3>\n\t\t\t\t\n\t\t\t\t\t\t\t\t\t<p class=\"elementor-icon-box-description\">\n\t\t\t\t\t\tASFL   <br>Via Ferriere 11, 6512 Giubiasco\t\t\t\t\t<\/p>\n\t\t\t\t\n\t\t\t<\/div>\n\t\t\t\n\t\t<\/div>\n\t\t\t\t\t\t<\/div>\n\t\t\t\t<\/div>\n\t\t\t\t<\/div>\n\t\t<div class=\"elementor-element elementor-element-404666c e-con-full e-flex e-con e-child\" data-id=\"404666c\" data-element_type=\"container\" data-e-type=\"container\">\n\t\t\t\t<div class=\"elementor-element elementor-element-c536aaf elementor-view-default elementor-position-block-start elementor-mobile-position-block-start elementor-widget elementor-widget-icon-box\" data-id=\"c536aaf\" data-element_type=\"widget\" data-e-type=\"widget\" data-widget_type=\"icon-box.default\">\n\t\t\t\t<div class=\"elementor-widget-container\">\n\t\t\t\t\t\t\t<div class=\"elementor-icon-box-wrapper\">\n\n\t\t\t\t\t\t<div class=\"elementor-icon-box-icon\">\n\t\t\t\t<span  class=\"elementor-icon\">\n\t\t\t\t<svg aria-hidden=\"true\" class=\"e-font-icon-svg e-fas-clock\" viewBox=\"0 0 512 512\" xmlns=\"http:\/\/www.w3.org\/2000\/svg\"><path d=\"M256,8C119,8,8,119,8,256S119,504,256,504,504,393,504,256,393,8,256,8Zm92.49,313h0l-20,25a16,16,0,0,1-22.49,2.5h0l-67-49.72a40,40,0,0,1-15-31.23V112a16,16,0,0,1,16-16h32a16,16,0,0,1,16,16V256l58,42.5A16,16,0,0,1,348.49,321Z\"><\/path><\/svg>\t\t\t\t<\/span>\n\t\t\t<\/div>\n\t\t\t\n\t\t\t\t\t\t<div class=\"elementor-icon-box-content\">\n\n\t\t\t\t\t\t\t\t\t<h3 class=\"elementor-icon-box-title\">\n\t\t\t\t\t\t<span  >\n\t\t\t\t\t\t\tQuanto durer\u00e0 il corso?\t\t\t\t\t\t<\/span>\n\t\t\t\t\t<\/h3>\n\t\t\t\t\n\t\t\t\t\t\t\t\t\t<p class=\"elementor-icon-box-description\">\n\t\t\t\t\t\t1 giorno per chi frequenta solo il corso carrelli elevatori timone S2 <br>2 giorni se gi\u00e0 si utilizza il mezzo  <br>4 giorni se non si ha pratica con l\u2019utilizzo dei mezzi  \t\t\t\t\t<\/p>\n\t\t\t\t\n\t\t\t<\/div>\n\t\t\t\n\t\t<\/div>\n\t\t\t\t\t\t<\/div>\n\t\t\t\t<\/div>\n\t\t\t\t<\/div>\n\t\t\t\t\t<\/div>\n\t\t\t\t<\/div>\n\t\t\t\t<section class=\"elementor-section elementor-inner-section elementor-element elementor-element-197c7dea elementor-section-boxed elementor-section-height-default elementor-section-height-default\" data-id=\"197c7dea\" data-element_type=\"section\" data-e-type=\"section\">\n\t\t\t\t\t\t<div class=\"elementor-container elementor-column-gap-default\">\n\t\t\t\t\t<div class=\"elementor-column elementor-col-100 elementor-inner-column elementor-element elementor-element-5ed25f08\" data-id=\"5ed25f08\" data-element_type=\"column\" data-e-type=\"column\">\n\t\t\t<div class=\"elementor-widget-wrap elementor-element-populated\">\n\t\t\t\t<div class=\"elementor-element elementor-element-6654667 e-con-full e-flex e-con e-parent\" data-id=\"6654667\" data-element_type=\"container\" data-e-type=\"container\" data-settings=\"{&quot;background_background&quot;:&quot;classic&quot;}\">\n\t\t<div class=\"elementor-element elementor-element-ce886c8 e-con-full e-flex e-con e-child\" data-id=\"ce886c8\" data-element_type=\"container\" data-e-type=\"container\">\n\t\t\t\t<div class=\"elementor-element elementor-element-e305909 elementor-widget elementor-widget-twinkle_heading\" data-id=\"e305909\" data-element_type=\"widget\" data-e-type=\"widget\" data-widget_type=\"twinkle_heading.default\">\n\t\t\t\t<div class=\"elementor-widget-container\">\n\t\t\t\t\t\r\n        \r\n            <div class=\"section-title\">\r\n                                <h2 class=\"section-title__title\">Requisiti di partecipazione<\/h2>                            <\/div>\r\n\r\n        \r\n        \t\t\t\t<\/div>\n\t\t\t\t<\/div>\n\t\t\t\t<div class=\"elementor-element elementor-element-9de0723 elementor-widget elementor-widget-twinkle_info_point\" data-id=\"9de0723\" data-element_type=\"widget\" data-e-type=\"widget\" data-widget_type=\"twinkle_info_point.default\">\n\t\t\t\t<div class=\"elementor-widget-container\">\n\t\t\t\t\t\r\n                    <div class=\"projects-detalis__content-text2\">\r\n                <ul>\r\n                                            <li>\r\n                                                            <i aria-hidden=\"true\" class=\" icon-maps-and-flags\"><\/i>                                                                                        Competenze linguistiche sufficienti nella lingua nazionale corrispondente                                                    <\/li>\r\n                                            <li>\r\n                                                            <i aria-hidden=\"true\" class=\" icon-maps-and-flags\"><\/i>                                                                                        Buona capacit\u00e0 visiva e uditiva                                                    <\/li>\r\n                                            <li>\r\n                                                            <i aria-hidden=\"true\" class=\" icon-maps-and-flags\"><\/i>                                                                                        Mobilit\u00e0 corporea e buona capacit\u00e0 di reazione                                                    <\/li>\r\n                                            <li>\r\n                                                            <i aria-hidden=\"true\" class=\" icon-maps-and-flags\"><\/i>                                                                                        Comprensione dei contesti tecnici e fisici                                                    <\/li>\r\n                                            <li>\r\n                                                            <i aria-hidden=\"true\" class=\" icon-maps-and-flags\"><\/i>                                                                                        Comportamento affidabile, responsabile e prudente                                                    <\/li>\r\n                                            <li>\r\n                                                            <i aria-hidden=\"true\" class=\" icon-maps-and-flags\"><\/i>                                                                                        Et\u00e0 minima 18 anni. Sono possibili eccezioni per gli apprendisti a partire dai 15 anni, purch\u00e9 ci\u00f2 sia previsto nelle rispettive ordinanze e piani di formazione (art. 4 cpv. 4 OLT 5).                                                    <\/li>\r\n                                            <li>\r\n                                                            <i aria-hidden=\"true\" class=\" icon-maps-and-flags\"><\/i>                                                                                        Desideri lavorare sulla parte teorica della categoria S2 online, in autoformazione (piattaforma fornita da ASFL SVBL)                                                    <\/li>\r\n                                            <li>\r\n                                                            <i aria-hidden=\"true\" class=\" icon-maps-and-flags\"><\/i>                                                                                        Se gi\u00e0 si sa utilizzare i mezzi: devi essere in grado di dimostrare per iscritto di avere esperienza nell'uso di attrezzature per la movimentazione dei materiali. Dopo la registrazione riceverete un apposito modulo da compilare                                                    <\/li>\r\n                                    <\/ul>\r\n            <\/div>\r\n\r\n        \r\n        \t\t\t\t<\/div>\n\t\t\t\t<\/div>\n\t\t\t\t<\/div>\n\t\t\t\t<\/div>\n\t\t\t\t\t<\/div>\n\t\t<\/div>\n\t\t\t\t\t<\/div>\n\t\t<\/section>\n\t\t<div class=\"elementor-element elementor-element-2d5ef35 e-flex e-con-boxed e-con e-parent\" data-id=\"2d5ef35\" data-element_type=\"container\" data-e-type=\"container\">\n\t\t\t\t\t<div class=\"e-con-inner\">\n\t\t<div class=\"elementor-element elementor-element-7ea2b80 e-con-full e-flex e-con e-child\" data-id=\"7ea2b80\" data-element_type=\"container\" data-e-type=\"container\">\n\t\t\t\t<div class=\"elementor-element elementor-element-24c9b6e elementor-widget elementor-widget-twinkle_heading\" data-id=\"24c9b6e\" data-element_type=\"widget\" data-e-type=\"widget\" data-widget_type=\"twinkle_heading.default\">\n\t\t\t\t<div class=\"elementor-widget-container\">\n\t\t\t\t\t\r\n        \r\n            <div class=\"section-title\">\r\n                                <h2 class=\"section-title__title\">Attestati e riconoscimenti<\/h2>                            <\/div>\r\n\r\n        \r\n        \t\t\t\t<\/div>\n\t\t\t\t<\/div>\n\t\t\t\t<\/div>\n\t\t<div class=\"elementor-element elementor-element-c028493 e-con-full e-flex e-con e-child\" data-id=\"c028493\" data-element_type=\"container\" data-e-type=\"container\">\n\t\t\t\t<div class=\"elementor-element elementor-element-a1601c8 elementor-widget elementor-widget-image\" data-id=\"a1601c8\" data-element_type=\"widget\" data-e-type=\"widget\" data-widget_type=\"image.default\">\n\t\t\t\t<div class=\"elementor-widget-container\">\n\t\t\t\t\t\t\t\t\t\t\t\t\t\t\t<img fetchpriority=\"high\" decoding=\"async\" width=\"640\" height=\"400\" src=\"https:\/\/bluwash.ch\/wp-content\/uploads\/2025\/03\/corso-carrelli-elevatori-bluwash-1024x640.png\" class=\"attachment-large size-large wp-image-3053\" alt=\"\" srcset=\"https:\/\/bluwash.ch\/wp-content\/uploads\/2025\/03\/corso-carrelli-elevatori-bluwash-1024x640.png 1024w, https:\/\/bluwash.ch\/wp-content\/uploads\/2025\/03\/corso-carrelli-elevatori-bluwash-300x188.png 300w, https:\/\/bluwash.ch\/wp-content\/uploads\/2025\/03\/corso-carrelli-elevatori-bluwash-768x480.png 768w, https:\/\/bluwash.ch\/wp-content\/uploads\/2025\/03\/corso-carrelli-elevatori-bluwash-1536x960.png 1536w, https:\/\/bluwash.ch\/wp-content\/uploads\/2025\/03\/corso-carrelli-elevatori-bluwash.png 1600w\" sizes=\"(max-width: 640px) 100vw, 640px\" \/>\t\t\t\t\t\t\t\t\t\t\t\t\t\t\t<\/div>\n\t\t\t\t<\/div>\n\t\t\t\t<\/div>\n\t\t\t\t\t<\/div>\n\t\t\t\t<\/div>\n\t\t\t\t\t<\/div>\n\t\t<\/div>\n\t\t\t\t\t<\/div>\n\t\t<\/section>\n\t\t\t\t<section class=\"elementor-section elementor-top-section elementor-element elementor-element-17484b8 elementor-section-stretched elementor-section-boxed elementor-section-height-default elementor-section-height-default\" data-id=\"17484b8\" data-element_type=\"section\" data-e-type=\"section\" data-settings=\"{&quot;stretch_section&quot;:&quot;section-stretched&quot;,&quot;background_background&quot;:&quot;classic&quot;}\">\n\t\t\t\t\t\t<div class=\"elementor-container elementor-column-gap-no\">\n\t\t\t\t\t<div class=\"elementor-column elementor-col-100 elementor-top-column elementor-element elementor-element-2be32d8\" data-id=\"2be32d8\" data-element_type=\"column\" data-e-type=\"column\">\n\t\t\t<div class=\"elementor-widget-wrap elementor-element-populated\">\n\t\t\t\t\t\t<div class=\"elementor-element elementor-element-8d97e76 elementor-widget__width-initial elementor-widget-mobile__width-inherit elementor-widget elementor-widget-heading\" data-id=\"8d97e76\" data-element_type=\"widget\" data-e-type=\"widget\" data-widget_type=\"heading.default\">\n\t\t\t\t<div class=\"elementor-widget-container\">\n\t\t\t\t\t<h1 class=\"elementor-heading-title elementor-size-default\">Hai bisogno di maggiori informazioni sui nostri corsi per patentino  carrelli elevatori?<\/h1>\t\t\t\t<\/div>\n\t\t\t\t<\/div>\n\t\t\t\t<div class=\"elementor-element elementor-element-ed0fca8 elementor-widget__width-initial elementor-widget-mobile__width-inherit elementor-button-align-stretch elementor-widget elementor-widget-form\" data-id=\"ed0fca8\" data-element_type=\"widget\" data-e-type=\"widget\" data-settings=\"{&quot;button_width&quot;:&quot;50&quot;,&quot;step_next_label&quot;:&quot;Next&quot;,&quot;step_previous_label&quot;:&quot;Previous&quot;,&quot;step_type&quot;:&quot;number_text&quot;,&quot;step_icon_shape&quot;:&quot;circle&quot;}\" data-widget_type=\"form.default\">\n\t\t\t\t<div class=\"elementor-widget-container\">\n\t\t\t\t\t\t\t<form class=\"elementor-form\" method=\"post\" name=\"New Form\">\n\t\t\t<input type=\"hidden\" name=\"post_id\" value=\"3136\"\/>\n\t\t\t<input type=\"hidden\" name=\"form_id\" value=\"ed0fca8\"\/>\n\t\t\t<input type=\"hidden\" name=\"referer_title\" value=\"Corso di formazione per patentino carrelli elevatori\" \/>\n\n\t\t\t\t\t\t\t<input type=\"hidden\" name=\"queried_id\" value=\"3136\"\/>\n\t\t\t\n\t\t\t<div class=\"elementor-form-fields-wrapper elementor-labels-above\">\n\t\t\t\t\t\t\t\t<div class=\"elementor-field-type-text elementor-field-group elementor-column elementor-field-group-Nome_Cognome elementor-col-100 elementor-field-required elementor-mark-required\">\n\t\t\t\t\t\t\t\t\t\t\t\t\t<input size=\"1\" type=\"text\" name=\"form_fields[Nome_Cognome]\" id=\"form-field-Nome_Cognome\" class=\"elementor-field elementor-size-lg  elementor-field-textual\" placeholder=\"Nome e cognome\" required=\"required\">\n\t\t\t\t\t\t\t\t\t\t\t<\/div>\n\t\t\t\t\t\t\t\t<div class=\"elementor-field-type-text elementor-field-group elementor-column elementor-field-group-field_83d6fe8 elementor-col-100 elementor-field-required elementor-mark-required\">\n\t\t\t\t\t\t\t\t\t\t\t\t\t<input size=\"1\" type=\"text\" name=\"form_fields[field_83d6fe8]\" id=\"form-field-field_83d6fe8\" class=\"elementor-field elementor-size-lg  elementor-field-textual\" placeholder=\"Nome Societ\u00e0\" required=\"required\">\n\t\t\t\t\t\t\t\t\t\t\t<\/div>\n\t\t\t\t\t\t\t\t<div class=\"elementor-field-type-email elementor-field-group elementor-column elementor-field-group-email elementor-col-50 elementor-field-required elementor-mark-required\">\n\t\t\t\t\t\t\t\t\t\t\t\t\t<input size=\"1\" type=\"email\" name=\"form_fields[email]\" id=\"form-field-email\" class=\"elementor-field elementor-size-lg  elementor-field-textual\" placeholder=\"Email\" required=\"required\">\n\t\t\t\t\t\t\t\t\t\t\t<\/div>\n\t\t\t\t\t\t\t\t<div class=\"elementor-field-type-tel elementor-field-group elementor-column elementor-field-group-Telefono elementor-col-50 elementor-field-required elementor-mark-required\">\n\t\t\t\t\t\t\t<input size=\"1\" type=\"tel\" name=\"form_fields[Telefono]\" id=\"form-field-Telefono\" class=\"elementor-field elementor-size-lg  elementor-field-textual\" placeholder=\"Telefono\" required=\"required\" pattern=\"[0-9()#&amp;+*-=.]+\" title=\"Sono accettati solo numeri e caratteri telefonici (#, -, *, ecc.).\">\n\n\t\t\t\t\t\t<\/div>\n\t\t\t\t\t\t\t\t<div class=\"elementor-field-type-acceptance elementor-field-group elementor-column elementor-field-group-accept_privacy elementor-col-100 elementor-field-required elementor-mark-required\">\n\t\t\t\t\t\t\t<div class=\"elementor-field-subgroup\">\n\t\t\t<span class=\"elementor-field-option\">\n\t\t\t\t<input type=\"checkbox\" name=\"form_fields[accept_privacy]\" id=\"form-field-accept_privacy\" class=\"elementor-field elementor-size-lg  elementor-acceptance-field\" required=\"required\">\n\t\t\t\t<label for=\"form-field-accept_privacy\">Acconsento al trattamento dei miei dati e dichiaro di aver preso visione della <a href=\"https:\/\/www.iubenda.com\/privacy-policy\/12237977\" target=\"_blank\">privacy policy<\/a><\/label>\t\t\t<\/span>\n\t\t<\/div>\n\t\t\t\t\t\t<\/div>\n\t\t\t\t\t\t\t\t<div class=\"elementor-field-group elementor-column elementor-field-type-submit elementor-col-50 e-form__buttons\">\n\t\t\t\t\t<button class=\"elementor-button elementor-size-sm\" type=\"submit\">\n\t\t\t\t\t\t<span class=\"elementor-button-content-wrapper\">\n\t\t\t\t\t\t\t\t\t\t\t\t\t\t\t\t\t\t\t\t\t\t<span class=\"elementor-button-text\">INVIA<\/span>\n\t\t\t\t\t\t\t\t\t\t\t\t\t<\/span>\n\t\t\t\t\t<\/button>\n\t\t\t\t<\/div>\n\t\t\t<\/div>\n\t\t<\/form>\n\t\t\t\t\t\t<\/div>\n\t\t\t\t<\/div>\n\t\t\t\t<div class=\"elementor-element elementor-element-a103ec5 elementor-widget__width-inherit elementor-absolute elementor-hidden-mobile elementor-invisible elementor-widget elementor-widget-image\" data-id=\"a103ec5\" data-element_type=\"widget\" data-e-type=\"widget\" data-settings=\"{&quot;_position&quot;:&quot;absolute&quot;,&quot;_animation&quot;:&quot;fadeInRight&quot;}\" data-widget_type=\"image.default\">\n\t\t\t\t<div class=\"elementor-widget-container\">\n\t\t\t\t\t\t\t\t\t\t\t\t\t\t\t<img decoding=\"async\" width=\"640\" height=\"400\" src=\"https:\/\/bluwash.ch\/wp-content\/uploads\/2025\/03\/1-1024x640.png\" class=\"attachment-large size-large wp-image-3157\" alt=\"\" srcset=\"https:\/\/bluwash.ch\/wp-content\/uploads\/2025\/03\/1-1024x640.png 1024w, https:\/\/bluwash.ch\/wp-content\/uploads\/2025\/03\/1-300x188.png 300w, https:\/\/bluwash.ch\/wp-content\/uploads\/2025\/03\/1-768x480.png 768w, https:\/\/bluwash.ch\/wp-content\/uploads\/2025\/03\/1-1536x960.png 1536w, https:\/\/bluwash.ch\/wp-content\/uploads\/2025\/03\/1.png 1600w\" sizes=\"(max-width: 640px) 100vw, 640px\" \/>\t\t\t\t\t\t\t\t\t\t\t\t\t\t\t<\/div>\n\t\t\t\t<\/div>\n\t\t\t\t\t<\/div>\n\t\t<\/div>\n\t\t\t\t\t<\/div>\n\t\t<\/section>\n\t\t\t\t<\/div>\n\t\t","protected":false},"excerpt":{"rendered":"<p>Corso di formazione carrelli elevatori Il corso di 4 giorni per utilizzatori principianti di carrelli elevatori delle categorie R1, R2 e S2 \u00e8 il pacchetto ideale. Nella formazione intensiva, teorica e pratica, i partecipanti acquisiscono le competenze e le conoscenze necessarie per superare l&#8217;esame di guida teorico e pratico. Grazie alla formazione computerizzata (CAM), i [&hellip;]<\/p>\n","protected":false},"author":2,"featured_media":3053,"parent":0,"menu_order":0,"comment_status":"closed","ping_status":"closed","template":"","meta":{"footnotes":""},"class_list":["post-3136","page","type-page","status-publish","has-post-thumbnail","hentry"],"_links":{"self":[{"href":"https:\/\/bluwash.ch\/fr\/wp-json\/wp\/v2\/pages\/3136","targetHints":{"allow":["GET"]}}],"collection":[{"href":"https:\/\/bluwash.ch\/fr\/wp-json\/wp\/v2\/pages"}],"about":[{"href":"https:\/\/bluwash.ch\/fr\/wp-json\/wp\/v2\/types\/page"}],"author":[{"embeddable":true,"href":"https:\/\/bluwash.ch\/fr\/wp-json\/wp\/v2\/users\/2"}],"replies":[{"embeddable":true,"href":"https:\/\/bluwash.ch\/fr\/wp-json\/wp\/v2\/comments?post=3136"}],"version-history":[{"count":9,"href":"https:\/\/bluwash.ch\/fr\/wp-json\/wp\/v2\/pages\/3136\/revisions"}],"predecessor-version":[{"id":8063,"href":"https:\/\/bluwash.ch\/fr\/wp-json\/wp\/v2\/pages\/3136\/revisions\/8063"}],"wp:featuredmedia":[{"embeddable":true,"href":"https:\/\/bluwash.ch\/fr\/wp-json\/wp\/v2\/media\/3053"}],"wp:attachment":[{"href":"https:\/\/bluwash.ch\/fr\/wp-json\/wp\/v2\/media?parent=3136"}],"curies":[{"name":"wp","href":"https:\/\/api.w.org\/{rel}","templated":true}]}}